{"id":885,"date":"2020-04-12T19:48:24","date_gmt":"2020-04-12T19:48:24","guid":{"rendered":"http:\/\/new.mipony.net\/es\/?page_id=885"},"modified":"2021-07-13T12:32:14","modified_gmt":"2021-07-13T12:32:14","slug":"pro","status":"publish","type":"page","link":"https:\/\/www.mipony.net\/es\/pro\/","title":{"rendered":"Versi\u00f3n Pro"},"content":{"rendered":"\t\t<div data-elementor-type=\"wp-page\" data-elementor-id=\"885\" class=\"elementor elementor-885\">\n\t\t\t\t\t\t<section class=\"elementor-section elementor-top-section elementor-element elementor-element-6bbd434 elementor-section-boxed elementor-section-height-default elementor-section-height-default\" data-id=\"6bbd434\" data-element_type=\"section\" data-e-type=\"section\">\n\t\t\t\t\t\t<div class=\"elementor-container elementor-column-gap-default\">\n\t\t\t\t\t<div class=\"elementor-column elementor-col-100 elementor-top-column elementor-element elementor-element-a119e9b\" data-id=\"a119e9b\" data-element_type=\"column\" data-e-type=\"column\">\n\t\t\t<div class=\"elementor-widget-wrap elementor-element-populated\">\n\t\t\t\t\t\t<div class=\"elementor-element elementor-element-40898bb elementor-widget elementor-widget-shortcode\" data-id=\"40898bb\" data-element_type=\"widget\" data-e-type=\"widget\" data-widget_type=\"shortcode.default\">\n\t\t\t\t<div class=\"elementor-widget-container\">\n\t\t\t\t\t\t\t<div class=\"elementor-shortcode\">\r\n        <!-- para la tienda online -->\r\n    <script src=\"https:\/\/ajax.googleapis.com\/ajax\/libs\/jquery\/1.11.0\/jquery.min.js\"><\/script> \r\n    <script src=\"https:\/\/cdn.paddle.com\/paddle\/paddle.js\"><\/script>\r\n    <script type=\"text\/javascript\">\r\n    Paddle.Setup({\r\n        vendor: 13729\r\n    });\r\n    <\/script>\r\n\r\n<style>\r\n* {\r\n    margin: 0;\r\n    padding: 0;\r\n    font-family: \"Open Sans\", sans-serif;\r\n    text-decoration: none;\r\n    list-style: none;\r\n}\r\n\r\nbody {\r\n    min-height: 100vh !important;\r\n}\r\n\r\n.headerWin {\r\n    max-width: 1000px;\r\n    margin: auto;\r\n    padding-left: 20px;\r\n    display: block;\r\n}\r\n\r\n.headerWin h3{\r\n        font-weight: 100;\r\n}\r\n\r\n.containerWin {\r\n    max-width: 1000px;\r\n    margin: auto;\r\n    padding: 40px;\r\n    display: flex;\r\n    flex-wrap: wrap;\r\n    border: 1px solid #d0d0d0;\r\n}\r\n\r\n.pricing-tableWin {\r\n    background: #f1f1f1;\r\n    flex: 1;\r\n    margin: 10px;\r\n    \/*  text-transform: uppercase;*\/\r\n}\r\n\r\n.pricing-headerWin {\r\n    color: #fff;\r\n    position: relative;\r\n    margin-bottom: 20px;\r\n}\r\n\r\n.titleWin {\r\n    font-size: 30px;\r\n    font-weight: 700;\r\n    \/*  display: flex;*\/\r\n    text-align: center;\r\n    justify-content: center;\r\n    padding: 40px 0;\r\n}\r\n\r\n.titleWin span {\r\n    font-size: 20px;\r\n    font-weight: 300;\r\n}\r\n\r\n.priceWin span {\r\n    font-size: 20px;\r\n}\r\n\r\n.priceWin {\r\n    position: absolute;\r\n    bottom: 0;\r\n    left: 50%;\r\n    transform: translate(-50%, 50%);\r\n    width: 80%;\r\n    max-width: 360px;\r\n    text-align: center;\r\n    padding: 8px 0;\r\n    font-size: 20px;\r\n}\r\n\r\n.pricing-listWin {\r\n  margin: auto;\r\n    padding: 10px 20px;\r\n}\r\n\r\n.pricing-listWin li {\r\n    margin: 8px 0;\r\n    font-size: 14px;\r\n    color: #344;\r\n    text-align: center;\r\n}\r\n\r\n.borderWin {\r\n    width: 80px;\r\n    height: 1px;\r\n    background: #ddd;\r\n    margin: auto;\r\n}\r\n\r\n.pricing-tableWin a {\r\n    display: block;\r\n    width: 80%;\r\n    margin: auto;\r\n    margin-bottom: 20px;\r\n    text-align: center;\r\n    padding: 8px 0;\r\n    font-size: 14px;\r\n    border: 1px solid;\r\n    max-width: 360px;\r\n    transition: .2s linear;\r\n}\r\n\r\n.pricing-tableWin a:hover {\r\n    border-radius: 20px;\r\n}\r\n\r\n.table1Win .pricing-headerWin {\r\n    background: #9f9f9f;\r\n}\r\n\r\n.table2Win .pricing-headerWin {\r\n    background: #820000;\r\n}\r\n\r\n.table3Win .pricing-headerWin {\r\n    background: #540000;\r\n}\r\n\r\n.table1Win .priceWin {\r\n    background-image: linear-gradient(125deg, #aeb1b4, #d4d4d4);\r\n\r\n}\r\n\r\n.table2Win .priceWin {\r\n    background-image: linear-gradient(190deg, #820000, #db4c00);\r\n\r\n}\r\n\r\n.table3Win .priceWin {\r\n    background-image: linear-gradient(190deg, #540000, #ad1313);\r\n\r\n}\r\n\r\n.table1Win a {\r\n    background: #9f9f9f;\r\n    color: #fff;\r\n\r\n}\r\n\r\n.table2Win a {\r\n    background: #820000;\r\n    color: #fff;\r\n}\r\n\r\n.table3Win a {\r\n    background: #540000;\r\n    color: #fff;\r\n}\r\n\r\n.table1Win a:hover {\r\n    background: #9f9f9f;\r\n    color: #fff;\r\n}\r\n\r\n.table2Win a:hover {\r\n    background: #820000;\r\n    color: #fff;\r\n}\r\n\r\n.table3Win a:hover {\r\n    background: #540000;\r\n    color: #fff;\r\n}\r\n\r\n@media screen and (max-width:780px) {\r\n    .pricing-tableWin {\r\n        flex: 100%;\r\n    }\r\n}\r\n\r\n\r\n<\/style>\r\n   \r\n     <div class=\"headerWin\">\r\n     <h3>Descubre la versi\u00f3n de Mipony para Windows<\/h3>\r\n     <p>Consigue todas las funciones de Mipony para Windows en la versi\u00f3n pro de 1 a\u00f1o o ilimitada (1 licencia por ordenador - Plazo de devoluci\u00f3n de 30 d\u00edas).<\/p>\r\n     <\/div>\r\n    <div class=\"containerWin\">\r\n\r\n      <div class=\"pricing-tableWin table1Win\">\r\n        <div class=\"pricing-headerWin\">\r\n          <div class=\"titleWin\">B\u00c1SICO<br><span> para Windows<\/span><\/div>\r\n          <div class=\"priceWin\">Gratis<\/div>\r\n        <\/div>\r\n        <ul class=\"pricing-listWin\">\r\n          <li>Descarga torrents (2 simult\u00e1neos)<\/li>\r\n          <div class=\"borderWin\"><\/div>\r\n          <li>Publicidad incluida<\/li>\r\n          <div class=\"borderWin\"><\/div>\r\n          <li>Descarga de v\u00eddeos en calidad media<\/li>\r\n          <div class=\"borderWin\"><\/div>\r\n          <li>No descarga solo audios<\/li>\r\n           <div class=\"borderWin\"><\/div>\r\n          <li>\"Navega y descarga\" no es opcional<\/li>\r\n           <div class=\"borderWin\"><\/div>\r\n          <li>P\u00e1gina de inicio no personalizable<\/li>\r\n        <\/ul>\r\n        <a href=\"https:\/\/download.mipony.net\/downloads\/Mipony-Installer.exe\">Descargar<\/a>\r\n      <\/div>\r\n\r\n      <div class=\"pricing-tableWin table2Win\">\r\n        <div class=\"pricing-headerWin\">\r\n          <div class=\"titleWin\">PRO ILIMITADO<br><span> para Windows<\/span><\/div>\r\n          <div class=\"priceWin\">18<span>\u20ac<\/span><\/div>\r\n        <\/div>\r\n        <ul class=\"pricing-listWin\"> \r\n          <li>Descarga <strong>ilimitada<\/strong>  de torrents<\/li>\r\n          <div class=\"borderWin\"><\/div>\r\n          <li><strong>Sin publicidad<\/strong> (ni pop ups ni banners)<\/li>\r\n          <div class=\"borderWin\"><\/div>\r\n          <li>Descarga de v\u00eddeos en <strong>calidad alta<\/strong><\/li>\r\n          <div class=\"borderWin\"><\/div>\r\n          <li>Descarga solo audios<\/li>\r\n          <div class=\"borderWin\"><\/div>\r\n          <li>\"Navega y descarga\" es opcional<\/li>\r\n          <div class=\"borderWin\"><\/div>\r\n          <li>P\u00e1gina de inicio  <strong>personalizable<\/strong><\/li>\r\n        <\/ul>\r\n        <a href=\"https:\/\/mipony.lemonsqueezy.com\/buy\/bb0ada82-0f52-42a6-a4be-7bbe26942cde?embed=1&media=0&logo=0&desc=0&discount=0\" class=\"lemonsqueezy-button\">Comprar<\/a><script src=\"https:\/\/assets.lemonsqueezy.com\/lemon.js\" defer><\/script>\r\n      <\/div>\r\n\r\n      <div class=\"pricing-tableWin table3Win\">\r\n        <div class=\"pricing-headerWin\">\r\n         <div class=\"titleWin\">PRO 1 A\u00d1O<br><span> para Windows<\/span><\/div>\r\n          <div class=\"priceWin\">14<span>\u20ac<\/span><\/div>\r\n        <\/div>\r\n        <ul class=\"pricing-listWin\">\r\n          <li>Descarga <strong>ilimitada<\/strong>  de torrents<\/li>\r\n          <div class=\"borderWin\"><\/div>\r\n          <li><strong>Sin publicidad<\/strong> (ni pop ups ni banners)<\/li>\r\n          <div class=\"borderWin\"><\/div>\r\n          <li>Descarga de v\u00eddeos en <strong>calidad alta<\/strong><\/li>\r\n          <div class=\"borderWin\"><\/div>\r\n          <li>Descarga solo audios<\/li>\r\n          <div class=\"borderWin\"><\/div>\r\n          <li>\"Navega y descarga\" es opcional<\/li>\r\n          <div class=\"borderWin\"><\/div>\r\n          <li>P\u00e1gina de inicio  <strong>personalizable<\/strong><\/li>\r\n        <\/ul>\r\n        <a href=\"https:\/\/mipony.lemonsqueezy.com\/buy\/6658bdf7-2ff2-4a7b-8341-9e1138538e8c?embed=1&media=0&logo=0&desc=0&discount=0\" class=\"lemonsqueezy-button\">Comprar<\/a><script src=\"https:\/\/assets.lemonsqueezy.com\/lemon.js\" defer><\/script>\r\n      <\/div>\r\n    <\/div>\r\n    <\/br><\/br><\/br><\/br>\r\n <style>\r\n* {\r\n    margin: 0;\r\n    padding: 0;\r\n    font-family: \"Open Sans\", sans-serif;\r\n    text-decoration: none;\r\n    list-style: none;\r\n}\r\n\r\nbody {\r\n    min-height: 100vh;\r\n}\r\n.header {\r\n    max-width: 1000px;\r\n    margin: auto;\r\n    padding-left: 20px;\r\n    display: block;\r\n}\r\n\r\n.header h3{\r\n        font-weight: 100;\r\n}\r\n\r\n.container {\r\n    max-width: 1000px;\r\n    margin: auto;\r\n    padding: 40px;\r\n    display: flex;\r\n    flex-wrap: wrap;\r\n    border: 1px solid #d0d0d0;\r\n}\r\n\r\n.pricing-table {\r\n    background: #f1f1f1;\r\n    flex: 1;\r\n    margin: 10px;\r\n    \/*  text-transform: uppercase;*\/\r\n}\r\n\r\n.pricing-header {\r\n    color: #fff;\r\n    position: relative;\r\n    margin-bottom: 20px;\r\n}\r\n\r\n.title {\r\n    font-size: 30px;\r\n    font-weight: 700;\r\n    \/*  display: flex;*\/\r\n    text-align: center;\r\n    justify-content: center;\r\n    padding: 40px 0;\r\n}\r\n\r\n.title span {\r\n    font-size: 20px;\r\n    font-weight: 300;\r\n}\r\n\r\n.price span {\r\n    font-size: 20px;\r\n}\r\n\r\n.price {\r\n    position: absolute;\r\n    bottom: 0;\r\n    left: 50%;\r\n    transform: translate(-50%, 50%);\r\n    width: 80%;\r\n    max-width: 360px;\r\n    text-align: center;\r\n    padding: 8px 0;\r\n    font-size: 20px;\r\n}\r\n\r\n.pricing-list {\r\n    margin: auto;\r\n    padding: 10px 20px;\r\n}\r\n\r\n.pricing-list li {\r\n    margin: 8px 0;\r\n    font-size: 14px;\r\n    color: #344;\r\n    text-align: center;\r\n}\r\n\r\n.border {\r\n    width: 80px;\r\n    height: 1px;\r\n    background: #ddd;\r\n    margin: auto;\r\n}\r\n\r\n.pricing-table a {\r\n    display: block;\r\n    width: 80%;\r\n    margin: auto;\r\n    margin-bottom: 20px;\r\n    text-align: center;\r\n    padding: 8px 0;\r\n    font-size: 14px;\r\n    border: 1px solid;\r\n    max-width: 360px;\r\n    transition: .2s linear;\r\n}\r\n\r\n.pricing-table a:hover {\r\n    border-radius: 20px;\r\n}\r\n\r\n.table1 .pricing-header {\r\n     background: #9f9f9f;\r\n}\r\n\r\n.table2 .pricing-header {\r\n    background: #638ca7;\r\n}\r\n\r\n.table3 .pricing-header {\r\n     background: #2f4858;\r\n}\r\n\r\n.table1 .price {\r\n    background-image: linear-gradient(125deg, #aeb1b4, #d4d4d4);\r\n   \r\n}\r\n\r\n.table2 .price {\r\n    background-image: linear-gradient(190deg, #638ca7, #9ecbe8);\r\n    \r\n}\r\n\r\n.table3 .price {\r\n    background-image: linear-gradient(190deg, #2f4858, #638ca7);\r\n   \r\n}\r\n\r\n.table1 a {\r\n    background: #9f9f9f;\r\n    color: #fff;\r\n\r\n}\r\n\r\n.table2 a {\r\n    background: #638ca7;\r\n    color: #fff;\r\n}\r\n\r\n.table3 a {\r\n    background: #2f4858;\r\n    color: #fff;\r\n}\r\n\r\n.table1 a:hover {\r\n        background: #9f9f9f;\r\n    color: #fff;\r\n}\r\n\r\n.table2 a:hover {\r\n    background: #638ca7;\r\n    color: #fff;\r\n}\r\n\r\n.table3 a:hover {\r\n    background: #2f4858;\r\n    color: #fff;\r\n}\r\n\r\n@media screen and (max-width:780px) {\r\n    .pricing-table {\r\n        flex: 100%;\r\n    }\r\n}\r\n\r\n <\/style>\r\n    <div class=\"header\">\r\n     <h3>Descubre la versi\u00f3n de Mipony para Mac<\/h3>\r\n     <p>Consigue todas las funciones de Mipony para Mac en la versi\u00f3n pro de 1 a\u00f1o o ilimitada (1 licencia por ordenador - Plazo de devoluci\u00f3n de 30 d\u00edas).<\/\r\n     <\/div>\r\n    <div class=\"container\">\r\n      <div class=\"pricing-table table1\">\r\n        <div class=\"pricing-header\">\r\n          <div class=\"title\">B\u00c1SICO<br><span> para Mac<\/span><\/div>\r\n          <div class=\"price\">Gratis<\/div>\r\n        <\/div>\r\n        <ul class=\"pricing-list\">\r\n          <li>Sin cuentas premium<\/li>\r\n          <div class=\"border\"><\/div>\r\n          <li>Sin control remoto<\/li>\r\n          <div class=\"border\"><\/div>\r\n          <li>Bloqueada descompresi\u00f3n autom\u00e1tica de archivos<\/li>\r\n          <div class=\"border\"><\/div>\r\n          <li>Incluye publicidad<\/li>\r\n        <\/ul>\r\n        <a href=\"http:\/\/www.mipony.net\/downloadmac\/\">Descargar<\/a>\r\n      <\/div>\r\n\r\n      <div class=\"pricing-table table2\">\r\n        <div class=\"pricing-header\">\r\n          <div class=\"title\">PRO ILIMITADO<br><span> para Mac<\/span><\/div>\r\n          <div class=\"price\">17<span>\u20ac<\/span><\/div>\r\n        <\/div>\r\n        <ul class=\"pricing-list\">\r\n          <li>Acceso a cuentas <strong>premium<\/strong><\/li>\r\n          <div class=\"border\"><\/div>\r\n          <li>Acceso al control remoto<\/li>\r\n          <div class=\"border\"><\/div>\r\n          <li><strong>Descompresi\u00f3n autom\u00e1tica <\/strong> de archivos<\/li>\r\n          <div class=\"border\"><\/div>\r\n          <li><strong>Sin publicidad<\/strong> (pop ups y banners)<\/li>\r\n        <\/ul>\r\n         <a href=\"https:\/\/mipony.lemonsqueezy.com\/buy\/69b5fd2a-365e-40d3-9b0a-e83c922c3413?embed=1&media=0&logo=0&desc=0&discount=0\" class=\"lemonsqueezy-button\">Comprar<\/a><script src=\"https:\/\/assets.lemonsqueezy.com\/lemon.js\" defer><\/script>\r\n      <\/div>\r\n\r\n      <div class=\"pricing-table table3\">\r\n        <div class=\"pricing-header\">\r\n         <div class=\"title\">PRO 1 A\u00d1O<br><span> para Mac<\/span><\/div>\r\n          <div class=\"price\">12<span>\u20ac<\/span><\/div>\r\n        <\/div>\r\n        <ul class=\"pricing-list\">\r\n          <li>Acceso a cuentas <strong>premium<\/strong><\/li>\r\n          <div class=\"border\"><\/div>\r\n          <li>Acceso al control remoto<\/li>\r\n          <div class=\"border\"><\/div>\r\n          <li><strong>Descompresi\u00f3n autom\u00e1tica <\/strong> de archivos<\/li>\r\n          <div class=\"border\"><\/div>\r\n          <li><strong>Sin publicidad<\/strong> (pop ups y banners)<\/li>\r\n        <\/ul>\r\n         <a href=\"https:\/\/mipony.lemonsqueezy.com\/buy\/497a6051-26ea-4d96-8096-03efe6375446?embed=1&media=0&logo=0&desc=0&discount=0\" class=\"lemonsqueezy-button\">Comprar<\/a><script src=\"https:\/\/assets.lemonsqueezy.com\/lemon.js\" defer><\/script>\r\n      <\/div>\r\n    <\/div>\r\n    <\/br><\/br><\/br><\/br>\r\n   <\/div>\n\t\t\t\t\t\t<\/div>\n\t\t\t\t<\/div>\n\t\t\t\t\t<\/div>\n\t\t<\/div>\n\t\t\t\t\t<\/div>\n\t\t<\/section>\n\t\t\t\t<section class=\"elementor-section elementor-top-section elementor-element elementor-element-26a8fed elementor-section-boxed elementor-section-height-default elementor-section-height-default\" data-id=\"26a8fed\" data-element_type=\"section\" data-e-type=\"section\">\n\t\t\t\t\t\t<div class=\"elementor-container elementor-column-gap-default\">\n\t\t\t\t\t<div class=\"elementor-column elementor-col-100 elementor-top-column elementor-element elementor-element-d67359b\" data-id=\"d67359b\" data-element_type=\"column\" data-e-type=\"column\">\n\t\t\t<div class=\"elementor-widget-wrap elementor-element-populated\">\n\t\t\t\t\t\t<div class=\"elementor-element elementor-element-416a6d5 elementor-widget elementor-widget-spacer\" data-id=\"416a6d5\" data-element_type=\"widget\" data-e-type=\"widget\" data-widget_type=\"spacer.default\">\n\t\t\t\t<div class=\"elementor-widget-container\">\n\t\t\t\t\t\t\t<div class=\"elementor-spacer\">\n\t\t\t<div class=\"elementor-spacer-inner\"><\/div>\n\t\t<\/div>\n\t\t\t\t\t\t<\/div>\n\t\t\t\t<\/div>\n\t\t\t\t\t<\/div>\n\t\t<\/div>\n\t\t\t\t\t<\/div>\n\t\t<\/section>\n\t\t\t\t<\/div>\n\t\t","protected":false},"excerpt":{"rendered":"","protected":false},"author":1,"featured_media":0,"parent":0,"menu_order":0,"comment_status":"closed","ping_status":"closed","template":"","meta":{"site-sidebar-layout":"no-sidebar","site-content-layout":"page-builder","ast-site-content-layout":"default","site-content-style":"default","site-sidebar-style":"default","ast-global-header-display":"","ast-banner-title-visibility":"","ast-main-header-display":"","ast-hfb-above-header-display":"","ast-hfb-below-header-display":"","ast-hfb-mobile-header-display":"","site-post-title":"disabled","ast-breadcrumbs-content":"","ast-featured-img":"disabled","footer-sml-layout":"","ast-disable-related-posts":"","theme-transparent-header-meta":"default","adv-header-id-meta":"","stick-header-meta":"","header-above-stick-meta":"","header-main-stick-meta":"","header-below-stick-meta":"","astra-migrate-meta-layouts":"default","ast-page-background-enabled":"default","ast-page-background-meta":{"desktop":{"background-color":"","background-image":"","background-repeat":"repeat","background-position":"center center","background-size":"auto","background-attachment":"scroll","background-type":"","background-media":"","overlay-type":"","overlay-color":"","overlay-opacity":"","overlay-gradient":""},"tablet":{"background-color":"","background-image":"","background-repeat":"repeat","background-position":"center center","background-size":"auto","background-attachment":"scroll","background-type":"","background-media":"","overlay-type":"","overlay-color":"","overlay-opacity":"","overlay-gradient":""},"mobile":{"background-color":"","background-image":"","background-repeat":"repeat","background-position":"center center","background-size":"auto","background-attachment":"scroll","background-type":"","background-media":"","overlay-type":"","overlay-color":"","overlay-opacity":"","overlay-gradient":""}},"ast-content-background-meta":{"desktop":{"background-color":"var(--ast-global-color-5)","background-image":"","background-repeat":"repeat","background-position":"center center","background-size":"auto","background-attachment":"scroll","background-type":"","background-media":"","overlay-type":"","overlay-color":"","overlay-opacity":"","overlay-gradient":""},"tablet":{"background-color":"var(--ast-global-color-5)","background-image":"","background-repeat":"repeat","background-position":"center center","background-size":"auto","background-attachment":"scroll","background-type":"","background-media":"","overlay-type":"","overlay-color":"","overlay-opacity":"","overlay-gradient":""},"mobile":{"background-color":"var(--ast-global-color-5)","background-image":"","background-repeat":"repeat","background-position":"center center","background-size":"auto","background-attachment":"scroll","background-type":"","background-media":"","overlay-type":"","overlay-color":"","overlay-opacity":"","overlay-gradient":""}},"footnotes":""},"class_list":["post-885","page","type-page","status-publish","hentry"],"yoast_head":"<!-- This site is optimized with the Yoast SEO plugin v27.5 - https:\/\/yoast.com\/product\/yoast-seo-wordpress\/ -->\n<title>Mipony Pro, descubre las ventajas de la version Pro<\/title>\n<meta name=\"description\" content=\"La versi\u00f3n PRO de Mipony puede ser ilimitada o de 1 a\u00f1o. Ambas ofrecen ventajas a la hora de descargar bittorrents, descargas directas y videos de Youtube.\" \/>\n<meta name=\"robots\" content=\"index, follow, max-snippet:-1, max-image-preview:large, max-video-preview:-1\" \/>\n<link rel=\"canonical\" href=\"https:\/\/www.mipony.net\/es\/pro\/\" \/>\n<meta property=\"og:locale\" content=\"es_ES\" \/>\n<meta property=\"og:type\" content=\"article\" \/>\n<meta property=\"og:title\" content=\"Mipony Pro, descubre las ventajas de la version Pro\" \/>\n<meta property=\"og:description\" content=\"La versi\u00f3n PRO de Mipony puede ser ilimitada o de 1 a\u00f1o. Ambas ofrecen ventajas a la hora de descargar bittorrents, descargas directas y videos de Youtube.\" \/>\n<meta property=\"og:url\" content=\"https:\/\/www.mipony.net\/es\/pro\/\" \/>\n<meta property=\"og:site_name\" content=\"Mipony\" \/>\n<meta property=\"article:modified_time\" content=\"2021-07-13T12:32:14+00:00\" \/>\n<meta name=\"twitter:card\" content=\"summary_large_image\" \/>\n<meta name=\"twitter:label1\" content=\"Est. reading time\" \/>\n\t<meta name=\"twitter:data1\" content=\"1 minuto\" \/>\n<script type=\"application\/ld+json\" class=\"yoast-schema-graph\">{\"@context\":\"https:\\\/\\\/schema.org\",\"@graph\":[{\"@type\":\"WebPage\",\"@id\":\"https:\\\/\\\/www.mipony.net\\\/es\\\/pro\\\/\",\"url\":\"https:\\\/\\\/www.mipony.net\\\/es\\\/pro\\\/\",\"name\":\"Mipony Pro, descubre las ventajas de la version Pro\",\"isPartOf\":{\"@id\":\"https:\\\/\\\/www.mipony.net\\\/es\\\/#website\"},\"datePublished\":\"2020-04-12T19:48:24+00:00\",\"dateModified\":\"2021-07-13T12:32:14+00:00\",\"description\":\"La versi\u00f3n PRO de Mipony puede ser ilimitada o de 1 a\u00f1o. Ambas ofrecen ventajas a la hora de descargar bittorrents, descargas directas y videos de Youtube.\",\"breadcrumb\":{\"@id\":\"https:\\\/\\\/www.mipony.net\\\/es\\\/pro\\\/#breadcrumb\"},\"inLanguage\":\"es\",\"potentialAction\":[{\"@type\":\"ReadAction\",\"target\":[\"https:\\\/\\\/www.mipony.net\\\/es\\\/pro\\\/\"]}]},{\"@type\":\"BreadcrumbList\",\"@id\":\"https:\\\/\\\/www.mipony.net\\\/es\\\/pro\\\/#breadcrumb\",\"itemListElement\":[{\"@type\":\"ListItem\",\"position\":1,\"name\":\"Home\",\"item\":\"https:\\\/\\\/www.mipony.net\\\/es\\\/\"},{\"@type\":\"ListItem\",\"position\":2,\"name\":\"Versi\u00f3n Pro\"}]},{\"@type\":\"WebSite\",\"@id\":\"https:\\\/\\\/www.mipony.net\\\/es\\\/#website\",\"url\":\"https:\\\/\\\/www.mipony.net\\\/es\\\/\",\"name\":\"Mipony\",\"description\":\"Mipony, the download manager\",\"publisher\":{\"@id\":\"https:\\\/\\\/www.mipony.net\\\/es\\\/#organization\"},\"potentialAction\":[{\"@type\":\"SearchAction\",\"target\":{\"@type\":\"EntryPoint\",\"urlTemplate\":\"https:\\\/\\\/www.mipony.net\\\/es\\\/?s={search_term_string}\"},\"query-input\":{\"@type\":\"PropertyValueSpecification\",\"valueRequired\":true,\"valueName\":\"search_term_string\"}}],\"inLanguage\":\"es\"},{\"@type\":\"Organization\",\"@id\":\"https:\\\/\\\/www.mipony.net\\\/es\\\/#organization\",\"name\":\"Mipony\",\"url\":\"https:\\\/\\\/www.mipony.net\\\/es\\\/\",\"logo\":{\"@type\":\"ImageObject\",\"inLanguage\":\"es\",\"@id\":\"https:\\\/\\\/www.mipony.net\\\/es\\\/#\\\/schema\\\/logo\\\/image\\\/\",\"url\":\"https:\\\/\\\/www.mipony.net\\\/es\\\/wp-content\\\/uploads\\\/sites\\\/2\\\/2020\\\/05\\\/mipony2013_twitter.png\",\"contentUrl\":\"https:\\\/\\\/www.mipony.net\\\/es\\\/wp-content\\\/uploads\\\/sites\\\/2\\\/2020\\\/05\\\/mipony2013_twitter.png\",\"width\":265,\"height\":265,\"caption\":\"Mipony\"},\"image\":{\"@id\":\"https:\\\/\\\/www.mipony.net\\\/es\\\/#\\\/schema\\\/logo\\\/image\\\/\"}}]}<\/script>\n<!-- \/ Yoast SEO plugin. -->","yoast_head_json":{"title":"Mipony Pro, descubre las ventajas de la version Pro","description":"La versi\u00f3n PRO de Mipony puede ser ilimitada o de 1 a\u00f1o. Ambas ofrecen ventajas a la hora de descargar bittorrents, descargas directas y videos de Youtube.","robots":{"index":"index","follow":"follow","max-snippet":"max-snippet:-1","max-image-preview":"max-image-preview:large","max-video-preview":"max-video-preview:-1"},"canonical":"https:\/\/www.mipony.net\/es\/pro\/","og_locale":"es_ES","og_type":"article","og_title":"Mipony Pro, descubre las ventajas de la version Pro","og_description":"La versi\u00f3n PRO de Mipony puede ser ilimitada o de 1 a\u00f1o. Ambas ofrecen ventajas a la hora de descargar bittorrents, descargas directas y videos de Youtube.","og_url":"https:\/\/www.mipony.net\/es\/pro\/","og_site_name":"Mipony","article_modified_time":"2021-07-13T12:32:14+00:00","twitter_card":"summary_large_image","twitter_misc":{"Est. reading time":"1 minuto"},"schema":{"@context":"https:\/\/schema.org","@graph":[{"@type":"WebPage","@id":"https:\/\/www.mipony.net\/es\/pro\/","url":"https:\/\/www.mipony.net\/es\/pro\/","name":"Mipony Pro, descubre las ventajas de la version Pro","isPartOf":{"@id":"https:\/\/www.mipony.net\/es\/#website"},"datePublished":"2020-04-12T19:48:24+00:00","dateModified":"2021-07-13T12:32:14+00:00","description":"La versi\u00f3n PRO de Mipony puede ser ilimitada o de 1 a\u00f1o. Ambas ofrecen ventajas a la hora de descargar bittorrents, descargas directas y videos de Youtube.","breadcrumb":{"@id":"https:\/\/www.mipony.net\/es\/pro\/#breadcrumb"},"inLanguage":"es","potentialAction":[{"@type":"ReadAction","target":["https:\/\/www.mipony.net\/es\/pro\/"]}]},{"@type":"BreadcrumbList","@id":"https:\/\/www.mipony.net\/es\/pro\/#breadcrumb","itemListElement":[{"@type":"ListItem","position":1,"name":"Home","item":"https:\/\/www.mipony.net\/es\/"},{"@type":"ListItem","position":2,"name":"Versi\u00f3n Pro"}]},{"@type":"WebSite","@id":"https:\/\/www.mipony.net\/es\/#website","url":"https:\/\/www.mipony.net\/es\/","name":"Mipony","description":"Mipony, the download manager","publisher":{"@id":"https:\/\/www.mipony.net\/es\/#organization"},"potentialAction":[{"@type":"SearchAction","target":{"@type":"EntryPoint","urlTemplate":"https:\/\/www.mipony.net\/es\/?s={search_term_string}"},"query-input":{"@type":"PropertyValueSpecification","valueRequired":true,"valueName":"search_term_string"}}],"inLanguage":"es"},{"@type":"Organization","@id":"https:\/\/www.mipony.net\/es\/#organization","name":"Mipony","url":"https:\/\/www.mipony.net\/es\/","logo":{"@type":"ImageObject","inLanguage":"es","@id":"https:\/\/www.mipony.net\/es\/#\/schema\/logo\/image\/","url":"https:\/\/www.mipony.net\/es\/wp-content\/uploads\/sites\/2\/2020\/05\/mipony2013_twitter.png","contentUrl":"https:\/\/www.mipony.net\/es\/wp-content\/uploads\/sites\/2\/2020\/05\/mipony2013_twitter.png","width":265,"height":265,"caption":"Mipony"},"image":{"@id":"https:\/\/www.mipony.net\/es\/#\/schema\/logo\/image\/"}}]}},"_links":{"self":[{"href":"https:\/\/www.mipony.net\/es\/wp-json\/wp\/v2\/pages\/885","targetHints":{"allow":["GET"]}}],"collection":[{"href":"https:\/\/www.mipony.net\/es\/wp-json\/wp\/v2\/pages"}],"about":[{"href":"https:\/\/www.mipony.net\/es\/wp-json\/wp\/v2\/types\/page"}],"author":[{"embeddable":true,"href":"https:\/\/www.mipony.net\/es\/wp-json\/wp\/v2\/users\/1"}],"replies":[{"embeddable":true,"href":"https:\/\/www.mipony.net\/es\/wp-json\/wp\/v2\/comments?post=885"}],"version-history":[{"count":35,"href":"https:\/\/www.mipony.net\/es\/wp-json\/wp\/v2\/pages\/885\/revisions"}],"predecessor-version":[{"id":2344,"href":"https:\/\/www.mipony.net\/es\/wp-json\/wp\/v2\/pages\/885\/revisions\/2344"}],"wp:attachment":[{"href":"https:\/\/www.mipony.net\/es\/wp-json\/wp\/v2\/media?parent=885"}],"curies":[{"name":"wp","href":"https:\/\/api.w.org\/{rel}","templated":true}]}}